{"id":2085,"date":"2022-07-25T18:28:01","date_gmt":"2022-07-25T18:28:01","guid":{"rendered":"https:\/\/proficiencybox.com\/?page_id=2085"},"modified":"2022-07-25T18:38:26","modified_gmt":"2022-07-25T18:38:26","slug":"privacidad","status":"publish","type":"page","link":"https:\/\/proficiencybox.com\/index.php\/privacidad\/","title":{"rendered":"Privacidad"},"content":{"rendered":"\t\t<div data-elementor-type=\"wp-page\" data-elementor-id=\"2085\" class=\"elementor elementor-2085\">\n\t\t\t\t\t\t<section class=\"elementor-section elementor-top-section elementor-element elementor-element-e8ae532 elementor-section-full_width elementor-section-height-full elementor-section-height-default elementor-section-items-middle\" data-id=\"e8ae532\" data-element_type=\"section\" data-settings=\"{&quot;background_background&quot;:&quot;slideshow&quot;,&quot;background_slideshow_gallery&quot;:[{&quot;id&quot;:667,&quot;url&quot;:&quot;https:\\\/\\\/proficiencybox.com\\\/wp-content\\\/uploads\\\/2022\\\/07\\\/1-1.png&quot;},{&quot;id&quot;:669,&quot;url&quot;:&quot;https:\\\/\\\/proficiencybox.com\\\/wp-content\\\/uploads\\\/2022\\\/07\\\/2-1.png&quot;},{&quot;id&quot;:670,&quot;url&quot;:&quot;https:\\\/\\\/proficiencybox.com\\\/wp-content\\\/uploads\\\/2022\\\/07\\\/3.png&quot;},{&quot;id&quot;:671,&quot;url&quot;:&quot;https:\\\/\\\/proficiencybox.com\\\/wp-content\\\/uploads\\\/2022\\\/07\\\/4.png&quot;}],&quot;background_slideshow_transition_duration&quot;:10000,&quot;background_slideshow_loop&quot;:&quot;yes&quot;,&quot;background_slideshow_slide_duration&quot;:5000,&quot;background_slideshow_slide_transition&quot;:&quot;fade&quot;}\">\n\t\t\t\t\t\t<div class=\"elementor-container elementor-column-gap-no\">\n\t\t\t\t\t<div class=\"elementor-column elementor-col-100 elementor-top-column elementor-element elementor-element-fcd4d6a\" data-id=\"fcd4d6a\" data-element_type=\"column\">\n\t\t\t<div class=\"elementor-widget-wrap elementor-element-populated\">\n\t\t\t\t\t\t<div class=\"elementor-element elementor-element-b8819e2 elementor-widget elementor-widget-spacer\" data-id=\"b8819e2\" data-element_type=\"widget\" data-widget_type=\"spacer.default\">\n\t\t\t\t<div class=\"elementor-widget-container\">\n\t\t\t\t\t\t\t<div class=\"elementor-spacer\">\n\t\t\t<div class=\"elementor-spacer-inner\"><\/div>\n\t\t<\/div>\n\t\t\t\t\t\t<\/div>\n\t\t\t\t<\/div>\n\t\t\t\t<div class=\"elementor-element elementor-element-082ce4c elementor-widget elementor-widget-heading\" data-id=\"082ce4c\" data-element_type=\"widget\" data-widget_type=\"heading.default\">\n\t\t\t\t<div class=\"elementor-widget-container\">\n\t\t\t\t\t<h2 class=\"elementor-heading-title elementor-size-default\">Aviso de Privacidad<\/h2>\t\t\t\t<\/div>\n\t\t\t\t<\/div>\n\t\t\t\t\t<\/div>\n\t\t<\/div>\n\t\t\t\t\t<\/div>\n\t\t<\/section>\n\t\t\t\t<section class=\"elementor-section elementor-top-section elementor-element elementor-element-747c992 elementor-section-boxed elementor-section-height-default elementor-section-height-default\" data-id=\"747c992\" data-element_type=\"section\">\n\t\t\t\t\t\t<div class=\"elementor-container elementor-column-gap-default\">\n\t\t\t\t\t<div class=\"elementor-column elementor-col-100 elementor-top-column elementor-element elementor-element-d01c068\" data-id=\"d01c068\" data-element_type=\"column\">\n\t\t\t<div class=\"elementor-widget-wrap elementor-element-populated\">\n\t\t\t\t\t\t<div class=\"elementor-element elementor-element-8b24816 elementor-widget elementor-widget-text-editor\" data-id=\"8b24816\" data-element_type=\"widget\" data-widget_type=\"text-editor.default\">\n\t\t\t\t<div class=\"elementor-widget-container\">\n\t\t\t\t\t\t\t\t\t<p><strong><span style=\"color: #ce7512;\">P<\/span>ROFICIENCY <span style=\"color: #ce7512;\">B<\/span>OX<\/strong>, hace de su conocimiento que en virtud de la relaci\u00f3n administrativa que tiene con usted, realiza perfiles informativos que le permiten identificar, contactar y evaluarlo en sus actividades y funciones y con ello brindarle diversos servicios y\/o productos, para lo cual recolecta, mantiene y actualiza su informaci\u00f3n personal (los \u201cDatos\u201d), misma que integra a bases de datos corporativas \u00fanicamente para los efectos anteriormente descritos. Los Datos pueden incluir informaci\u00f3n personal de car\u00e1cter sensible, cuyo tratamiento se autoriza a favor de <strong><span style=\"color: #ce7512;\">P<\/span>ROFICIENCY <span style=\"color: #ce7512;\">B<\/span>OX<\/strong> al aceptar el presente aviso de privacidad.<\/p><p>Los Datos en todo momento ser\u00e1n tratados con apego a los principios y requisitos contenidos en la Ley Federal de Protecci\u00f3n de Datos Personales en Posesi\u00f3n de los Particulares (la \u201cLey\u201d). . <a href=\"http:\/\/www.diputados.gob.mx\/LeyesBiblio\/pdf\/LFPDPPP.pdf\">http:\/\/www.diputados.gob.mx\/LeyesBiblio\/pdf\/LFPDPPP.pdf<\/a><\/p><p><strong><span style=\"color: #ce7512;\">P<\/span>ROFICIENCY <span style=\"color: #ce7512;\">B<\/span>OX<\/strong> es el responsable de la recolecci\u00f3n, resguardo y tratamiento de los datos. Usted podr\u00e1 en todo momento ejercer sus derechos de acceso, rectificaci\u00f3n, cancelaci\u00f3n u oposici\u00f3n de sus datos mediante solicitud escrita dirigida al domicilio de sus oficinas ubicadas en Teotepec 34, Residencial Cafetales, Coyoac\u00e1n, CDMX con atenci\u00f3n al departamento de Atenci\u00f3n a Clientes, o bien mediante correo electr\u00f3nico enviado a <a href=\"mailto:contacto@proficiencybox.com\">contacto@proficiencybox.com<\/a>, toda solicitud de ejercicio de los derechos descritos deber\u00e1 cumplir los requisitos contenidos en la Ley y ser\u00e1 resuelta en los plazos y bajo los t\u00e9rminos que la Ley se\u00f1ale. Asimismo usted podr\u00e1 solicitar la limitaci\u00f3n del uso o divulgaci\u00f3n de sus Datos dirigiendo su escrito correspondiente a la direcci\u00f3n anteriormente citada.<\/p><p><strong><span style=\"color: #ce7512;\">P<\/span>ROFICIENCY <span style=\"color: #ce7512;\">B<\/span>OX<\/strong> mantendr\u00e1 los mecanismos de protecci\u00f3n adecuados, y que se adhieran a las normas de la industria, para garantizar la seguridad, integridad y privacidad de los Datos.<\/p><p><strong><span style=\"color: #ce7512;\">P<\/span>ROFICIENCY <span style=\"color: #ce7512;\">B<\/span>OX<\/strong> podr\u00e1 transferir los Datos a sus afiliadas y subsidiarias quienes se atendr\u00e1n a lo establecido en el presente aviso de privacidad. Es posible que <strong><span style=\"color: #ce7512;\">P<\/span>ROFICIENCY <span style=\"color: #ce7512;\">B<\/span>OX<\/strong> requiera transferir los datos a terceras partes \u00fanicamente para que realicen, a nombre de <strong><span style=\"color: #ce7512;\">P<\/span>ROFICIENCY <span style=\"color: #ce7512;\">B<\/span>OX<\/strong>, tareas relacionadas con sus servicios de consejer\u00eda, consultor\u00eda y asesor\u00eda, evaluaci\u00f3n y diagn\u00f3stico, validaci\u00f3n y an\u00e1lisis, reingenier\u00eda y optimizaci\u00f3n, interacci\u00f3n e intermediaci\u00f3n de servicios en diversos giros. Estas terceras partes \u00fanicamente recibir\u00e1n los Datos como parte de la prestaci\u00f3n de tales servicios y se apegar\u00e1n al contenido de este aviso de privacidad y a la Ley. <strong><span style=\"color: #ce7512;\">P<\/span>ROFICIENCY <span style=\"color: #ce7512;\">B<\/span>OX<\/strong> seleccionar\u00e1 \u00fanicamente a terceros que se comprometan formalmente a instaurar las medidas de seguridad necesarias para garantizar el nivel adecuado de privacidad de los Datos. <strong><span style=\"color: #ce7512;\">P<\/span>ROFICIENCY <span style=\"color: #ce7512;\">B<\/span>OX<\/strong> ser\u00e1 responsable de notificar a los terceros el contenido de este aviso, as\u00ed como cualquier modificaci\u00f3n o cancelaci\u00f3n de datos en virtud del ejercicio de sus derechos.<\/p><p>Cualquier cambio al alcance de este aviso de privacidad le ser\u00e1 informado por <strong><span style=\"color: #ce7512;\">P<\/span>ROFICIENCY <span style=\"color: #ce7512;\">B<\/span>OX<\/strong> por este mismo conducto.<\/p><p>La firma del presente aviso representa su consentimiento al tratamiento de sus Datos por <strong><span style=\"color: #ce7512;\">P<\/span>ROFICIENCY <span style=\"color: #ce7512;\">B<\/span>OX<\/strong> en los t\u00e9rminos aqu\u00ed contenidos. Usted podr\u00e1 solicitar, en cualquier momento, la cancelaci\u00f3n del consentimiento aqu\u00ed otorgado mediante escrito elaborado en los mismos t\u00e9rminos y dirigido al \u00e1rea que se se\u00f1ala en el p\u00e1rrafo tercero de este aviso. <strong><span style=\"color: #ce7512;\">P<\/span>ROFICIENCY <span style=\"color: #ce7512;\">B<\/span>OX<\/strong> atender\u00e1 tal solicitud en un plazo no mayor a 20 d\u00edas y le comunicar\u00e1 la respuesta correspondiente por escrito entregado en la direcci\u00f3n personal que usted se\u00f1ale en su solicitud.<\/p><p>Si usted no autoriza o revoca el tratamiento y la transmisi\u00f3n de los Datos o bien limita el mismo, es posible que <strong><span style=\"color: #ce7512;\">P<\/span>ROFICIENCY <span style=\"color: #ce7512;\">B<\/span>OX<\/strong> no pueda brindarle los servicios y beneficios a los que tendr\u00eda acceso. <strong><span style=\"color: #ce7512;\">P<\/span>ROFICIENCY <span style=\"color: #ce7512;\">B<\/span>OX<\/strong> podr\u00e1 tomar las medidas que estime conducentes en caso de su negativa o limitante al tratamiento y transmisi\u00f3n de los Datos, su ejercicio de los derechos que la Ley le otorga respecto de sus Datos o bien la revocaci\u00f3n de su consentimiento al presente aviso impida, interrumpa o en cualquier manera afecte los procesos y pr\u00e1cticas de <strong><span style=\"color: #ce7512;\">P<\/span>ROFICIENCY <span style=\"color: #ce7512;\">B<\/span>OX<\/strong>.<\/p>\t\t\t\t\t\t\t\t<\/div>\n\t\t\t\t<\/div>\n\t\t\t\t\t<\/div>\n\t\t<\/div>\n\t\t\t\t\t<\/div>\n\t\t<\/section>\n\t\t\t\t<\/div>\n\t\t","protected":false},"excerpt":{"rendered":"<p>Aviso de Privacidad PROFICIENCY BOX, hace de su conocimiento que en virtud de la relaci\u00f3n administrativa que tiene con usted, realiza perfiles informativos que le permiten identificar, contactar y evaluarlo en sus actividades y funciones y con ello brindarle diversos servicios y\/o productos, para lo cual recolecta, mantiene y actualiza su informaci\u00f3n personal (los \u201cDatos\u201d), [&hellip;]<\/p>\n","protected":false},"author":1,"featured_media":0,"parent":0,"menu_order":0,"comment_status":"closed","ping_status":"closed","template":"","meta":{"inline_featured_image":false,"site-sidebar-layout":"no-sidebar","site-content-layout":"page-builder","ast-site-content-layout":"default","site-content-style":"default","site-sidebar-style":"default","ast-global-header-display":"","ast-banner-title-visibility":"","ast-main-header-display":"","ast-hfb-above-header-display":"","ast-hfb-below-header-display":"","ast-hfb-mobile-header-display":"","site-post-title":"disabled","ast-breadcrumbs-content":"","ast-featured-img":"disabled","footer-sml-layout":"","theme-transparent-header-meta":"","adv-header-id-meta":"","stick-header-meta":"","header-above-stick-meta":"","header-main-stick-meta":"","header-below-stick-meta":"","astra-migrate-meta-layouts":"default","ast-page-background-enabled":"default","ast-page-background-meta":{"desktop":{"background-color":"var(--ast-global-color-4)","background-image":"","background-repeat":"repeat","background-position":"center center","background-size":"auto","background-attachment":"scroll","background-type":"","background-media":"","overlay-type":"","overlay-color":"","overlay-opacity":"","overlay-gradient":""},"tablet":{"background-color":"","background-image":"","background-repeat":"repeat","background-position":"center center","background-size":"auto","background-attachment":"scroll","background-type":"","background-media":"","overlay-type":"","overlay-color":"","overlay-opacity":"","overlay-gradient":""},"mobile":{"background-color":"","background-image":"","background-repeat":"repeat","background-position":"center center","background-size":"auto","background-attachment":"scroll","background-type":"","background-media":"","overlay-type":"","overlay-color":"","overlay-opacity":"","overlay-gradient":""}},"ast-content-background-meta":{"desktop":{"background-color":"var(--ast-global-color-5)","background-image":"","background-repeat":"repeat","background-position":"center center","background-size":"auto","background-attachment":"scroll","background-type":"","background-media":"","overlay-type":"","overlay-color":"","overlay-opacity":"","overlay-gradient":""},"tablet":{"background-color":"var(--ast-global-color-5)","background-image":"","background-repeat":"repeat","background-position":"center center","background-size":"auto","background-attachment":"scroll","background-type":"","background-media":"","overlay-type":"","overlay-color":"","overlay-opacity":"","overlay-gradient":""},"mobile":{"background-color":"var(--ast-global-color-5)","background-image":"","background-repeat":"repeat","background-position":"center center","background-size":"auto","background-attachment":"scroll","background-type":"","background-media":"","overlay-type":"","overlay-color":"","overlay-opacity":"","overlay-gradient":""}},"footnotes":""},"class_list":["post-2085","page","type-page","status-publish","hentry"],"_links":{"self":[{"href":"https:\/\/proficiencybox.com\/index.php\/wp-json\/wp\/v2\/pages\/2085","targetHints":{"allow":["GET"]}}],"collection":[{"href":"https:\/\/proficiencybox.com\/index.php\/wp-json\/wp\/v2\/pages"}],"about":[{"href":"https:\/\/proficiencybox.com\/index.php\/wp-json\/wp\/v2\/types\/page"}],"author":[{"embeddable":true,"href":"https:\/\/proficiencybox.com\/index.php\/wp-json\/wp\/v2\/users\/1"}],"replies":[{"embeddable":true,"href":"https:\/\/proficiencybox.com\/index.php\/wp-json\/wp\/v2\/comments?post=2085"}],"version-history":[{"count":0,"href":"https:\/\/proficiencybox.com\/index.php\/wp-json\/wp\/v2\/pages\/2085\/revisions"}],"wp:attachment":[{"href":"https:\/\/proficiencybox.com\/index.php\/wp-json\/wp\/v2\/media?parent=2085"}],"curies":[{"name":"wp","href":"https:\/\/api.w.org\/{rel}","templated":true}]}}